{"id":3,"date":"2024-04-17T17:59:17","date_gmt":"2024-04-17T17:59:17","guid":{"rendered":"https:\/\/quixotecup.com\/?page_id=3"},"modified":"2024-05-24T10:51:35","modified_gmt":"2024-05-24T10:51:35","slug":"privacy-policy","status":"publish","type":"page","link":"https:\/\/quixotecup.com\/es_es\/privacy-policy\/","title":{"rendered":"Pol\u00edtica de privacidad y protecci\u00f3n de datos"},"content":{"rendered":"\n<p>Este aviso legal es de aplicaci\u00f3n a las p\u00e1ginas Quixote World Cup (Organizado por CLUB SPORTIA Ciudad Real). CLUB SPORTIA act\u00faa en calidad de responsable del tratamiento de los datos de car\u00e1cter personal relativos a los usuarios de sus servicios. Los datos aportados por el interesado se utilizar\u00e1n, con car\u00e1cter exclusivo, para los fines previstos en cada procedimiento o actuaci\u00f3n. \u00a0<\/p>\n\n\n\n<p>La normativa vigente en el \u00e1mbito de la protecci\u00f3n de datos de car\u00e1cter personal se compone del Reglamento (UE) 2016\/679 del Parlamento Europeo y del Consejo de 27 de abril del 2016 (RGPD) y de la Ley Org\u00e1nica 3\/2018, de 5 de diciembre, de Protecci\u00f3n de Datos Personales y Garant\u00eda de los Derechos Digitales (LOPD). De acuerdo con la normativa anteriormente citada, el CLUB SPORTIA garantizar\u00e1 la confidencialidad de los datos personales tratados. Para ello, adoptar\u00e1 las medidas t\u00e9cnicas y organizativas necesarias.<\/p>\n\n\n\n<p><strong>Recogida de datos personales<\/strong><\/p>\n\n\n\n<p>Con objeto de llevar a buen puerto el evento Quixote Cup, CLUB SPORTIA podr\u00e1 recabar y tratar datos de car\u00e1cter personal.\u00a0<\/p>\n\n\n\n<p>El Club informar\u00e1 de los datos personales que recabe directamente del interesado en el momento de proceder a su recogida. En la informaci\u00f3n proporcionada se especificar\u00e1 la finalidad, la base jur\u00eddica del tratamiento, los derechos que puede ejercer el interesado, la identidad del \u00f3rgano responsable del tratamiento y los datos de contacto del delegado de protecci\u00f3n de datos. Podr\u00e1 consultar informaci\u00f3n adicional en el Registro de Actividades de Tratamiento, que es el documento que recoge todas las actividades de tratamiento de datos personales realizadas por el CLUB SPORTIA.<\/p>\n\n\n\n<p><strong>Destinatarios, cesi\u00f3n y transferencia de datos<\/strong><\/p>\n\n\n\n<p>En la mayor\u00eda de los casos el CLUB SPORTIA no comunica los datos personales tratados a otros destinatarios. En los casos en que se comunican a terceros, siempre se procede en aplicaci\u00f3n de la normativa vigente, informando cuando proceda al interesado.<\/p>\n\n\n\n<p><strong>Per\u00edodo de conservaci\u00f3n de los datos&nbsp;<\/strong><\/p>\n\n\n\n<p>Los datos se conservar\u00e1n durante el tiempo imprescindible para garantiza la prestaci\u00f3n de los servicios ofrecidos por el CLUB SPORTIA.<\/p>\n\n\n\n<p><strong>Ejercicio de derechos<\/strong><\/p>\n\n\n\n<p>El usuario podr\u00e1 ejercitar en todo momento\u00a0los derechos reconocidos en relaci\u00f3n con los datos tratados por el CLUB SPORTIA. Para ello, podr\u00e1 presentar a trav\u00e9s del formulario de contacto, una solicitud de Acceso, Limitaci\u00f3n, Rectificaci\u00f3n, Portabilidad, Supresi\u00f3n, u Oposici\u00f3n, de acuerdo con la normativa vigente.<\/p>\n\n\n\n<p>Tambi\u00e9n podr\u00e1 dirigirse a la autoridad de control, en este caso&nbsp;\u200b\u200b\u200b\u200b\u200b\u200b\u200b&nbsp;<a href=\"https:\/\/www.agpd.es\/\" target=\"_blank\" rel=\"noreferrer noopener\">Agencia Espa\u00f1ola de Protecci\u00f3n de Datos<\/a>, e interponer una reclamaci\u00f3n si considera que sus datos personales no se tratan conforme a la normativa vigente.<\/p>\n\n\n\n<p><strong>Quejas y sugerencias<\/strong><\/p>\n\n\n\n<p>Con objeto de recoger y tramitar\u00a0tanto las manifestaciones de insatisfacci\u00f3n con los servicios prestados\u00a0como las iniciativas para mejorar su calidad, podr\u00e1 presentar a trav\u00e9s del formulario de contacto una queja o sugerencia.<\/p>\n\n\n\n<p><strong>Pol\u00edtica de cookies<\/strong><\/p>\n\n\n\n<p>El CLUB SPORTIA utiliza un servicio de anal\u00edtica web consistente en instalar cookies temporalmente con la \u00fanica y exclusiva finalidad de elaborar informes de car\u00e1cter estad\u00edstico. Las cookies son ficheros creados en el navegador del usuario para registrar su actividad en el sitio web. Una cookie no identifica a una persona, sino una combinaci\u00f3n computador-navegador-usuario, tiene una vigencia temporal limitada y en ning\u00fan caso se utiliza\u00a0para recoger informaci\u00f3n de car\u00e1cter personal.<\/p>\n\n\n\n<p>Para navegar por el portal se puede optar por no permitir la instalaci\u00f3n de estas cookies, y es posible deshabilitarlas directamente en el navegador. En cada navegador la operativa es diferente. En la ayuda del navegador encontrara informaci\u00f3n relacionada con el uso de las cookies.<\/p>\n","protected":false},"excerpt":{"rendered":"<p>Este aviso legal es de aplicaci\u00f3n a las p\u00e1ginas Quixote World Cup (Organizado por CLUB SPORTIA Ciudad Real). CLUB SPORTIA act\u00faa en calidad de responsable del tratamiento de los datos de car\u00e1cter personal relativos a los usuarios de sus servicios. Los datos aportados por el interesado se utilizar\u00e1n, con car\u00e1cter exclusivo, para los fines previstos [&hellip;]<\/p>\n","protected":false},"author":1,"featured_media":0,"parent":0,"menu_order":0,"comment_status":"closed","ping_status":"open","template":"","meta":{"site-sidebar-layout":"default","site-content-layout":"","ast-site-content-layout":"default","site-content-style":"default","site-sidebar-style":"default","ast-global-header-display":"","ast-banner-title-visibility":"","ast-main-header-display":"","ast-hfb-above-header-display":"","ast-hfb-below-header-display":"","ast-hfb-mobile-header-display":"","site-post-title":"","ast-breadcrumbs-content":"","ast-featured-img":"","footer-sml-layout":"","theme-transparent-header-meta":"","adv-header-id-meta":"","stick-header-meta":"","header-above-stick-meta":"","header-main-stick-meta":"","header-below-stick-meta":"","astra-migrate-meta-layouts":"set","ast-page-background-enabled":"default","ast-page-background-meta":{"desktop":{"background-color":"","background-image":"","background-repeat":"repeat","background-position":"center center","background-size":"auto","background-attachment":"scroll","background-type":"","background-media":"","overlay-type":"","overlay-color":"","overlay-opacity":"","overlay-gradient":""},"tablet":{"background-color":"","background-image":"","background-repeat":"repeat","background-position":"center center","background-size":"auto","background-attachment":"scroll","background-type":"","background-media":"","overlay-type":"","overlay-color":"","overlay-opacity":"","overlay-gradient":""},"mobile":{"background-color":"","background-image":"","background-repeat":"repeat","background-position":"center center","background-size":"auto","background-attachment":"scroll","background-type":"","background-media":"","overlay-type":"","overlay-color":"","overlay-opacity":"","overlay-gradient":""}},"ast-content-background-meta":{"desktop":{"background-color":"var(--ast-global-color-5)","background-image":"","background-repeat":"repeat","background-position":"center center","background-size":"auto","background-attachment":"scroll","background-type":"","background-media":"","overlay-type":"","overlay-color":"","overlay-opacity":"","overlay-gradient":""},"tablet":{"background-color":"var(--ast-global-color-5)","background-image":"","background-repeat":"repeat","background-position":"center center","background-size":"auto","background-attachment":"scroll","background-type":"","background-media":"","overlay-type":"","overlay-color":"","overlay-opacity":"","overlay-gradient":""},"mobile":{"background-color":"var(--ast-global-color-5)","background-image":"","background-repeat":"repeat","background-position":"center center","background-size":"auto","background-attachment":"scroll","background-type":"","background-media":"","overlay-type":"","overlay-color":"","overlay-opacity":"","overlay-gradient":""}},"footnotes":""},"class_list":["post-3","page","type-page","status-publish","hentry"],"yoast_head":"<!-- This site is optimized with the Yoast SEO plugin v27.6 - https:\/\/yoast.com\/product\/yoast-seo-wordpress\/ -->\n<title>Pol\u00edtica de privacidad y protecci\u00f3n de datos - Quixote World Cup<\/title>\n<meta name=\"robots\" content=\"noindex, nofollow\" \/>\n<meta property=\"og:locale\" content=\"es_ES\" \/>\n<meta property=\"og:type\" content=\"article\" \/>\n<meta property=\"og:title\" content=\"Pol\u00edtica de privacidad y protecci\u00f3n de datos - Quixote World Cup\" \/>\n<meta property=\"og:description\" content=\"Este aviso legal es de aplicaci\u00f3n a las p\u00e1ginas Quixote World Cup (Organizado por CLUB SPORTIA Ciudad Real). CLUB SPORTIA act\u00faa en calidad de responsable del tratamiento de los datos de car\u00e1cter personal relativos a los usuarios de sus servicios. Los datos aportados por el interesado se utilizar\u00e1n, con car\u00e1cter exclusivo, para los fines previstos [&hellip;]\" \/>\n<meta property=\"og:url\" content=\"https:\/\/quixotecup.com\/es_es\/privacy-policy\/\" \/>\n<meta property=\"og:site_name\" content=\"Quixote World Cup\" \/>\n<meta property=\"article:modified_time\" content=\"2024-05-24T10:51:35+00:00\" \/>\n<meta name=\"twitter:card\" content=\"summary_large_image\" \/>\n<meta name=\"twitter:label1\" content=\"Tiempo de lectura\" \/>\n\t<meta name=\"twitter:data1\" content=\"3 minutos\" \/>\n<script type=\"application\/ld+json\" class=\"yoast-schema-graph\">{\"@context\":\"https:\\\/\\\/schema.org\",\"@graph\":[{\"@type\":\"WebPage\",\"@id\":\"https:\\\/\\\/quixotecup.com\\\/privacy-policy\\\/\",\"url\":\"https:\\\/\\\/quixotecup.com\\\/privacy-policy\\\/\",\"name\":\"Pol\u00edtica de privacidad y protecci\u00f3n de datos - Quixote World Cup\",\"isPartOf\":{\"@id\":\"https:\\\/\\\/quixotecup.com\\\/#website\"},\"datePublished\":\"2024-04-17T17:59:17+00:00\",\"dateModified\":\"2024-05-24T10:51:35+00:00\",\"breadcrumb\":{\"@id\":\"https:\\\/\\\/quixotecup.com\\\/privacy-policy\\\/#breadcrumb\"},\"inLanguage\":\"es\",\"potentialAction\":[{\"@type\":\"ReadAction\",\"target\":[\"https:\\\/\\\/quixotecup.com\\\/privacy-policy\\\/\"]}]},{\"@type\":\"BreadcrumbList\",\"@id\":\"https:\\\/\\\/quixotecup.com\\\/privacy-policy\\\/#breadcrumb\",\"itemListElement\":[{\"@type\":\"ListItem\",\"position\":1,\"name\":\"Portada\",\"item\":\"https:\\\/\\\/quixotecup.com\\\/es_es\\\/\"},{\"@type\":\"ListItem\",\"position\":2,\"name\":\"Pol\u00edtica de privacidad y protecci\u00f3n de datos\"}]},{\"@type\":\"WebSite\",\"@id\":\"https:\\\/\\\/quixotecup.com\\\/#website\",\"url\":\"https:\\\/\\\/quixotecup.com\\\/\",\"name\":\"Quixote World Cup\",\"description\":\"Sitio oficial de la competici\u00f3n internacional de Inline Freestyle en Ciudad Real\",\"publisher\":{\"@id\":\"https:\\\/\\\/quixotecup.com\\\/#organization\"},\"potentialAction\":[{\"@type\":\"SearchAction\",\"target\":{\"@type\":\"EntryPoint\",\"urlTemplate\":\"https:\\\/\\\/quixotecup.com\\\/?s={search_term_string}\"},\"query-input\":{\"@type\":\"PropertyValueSpecification\",\"valueRequired\":true,\"valueName\":\"search_term_string\"}}],\"inLanguage\":\"es\"},{\"@type\":\"Organization\",\"@id\":\"https:\\\/\\\/quixotecup.com\\\/#organization\",\"name\":\"Quixote World Cup\",\"url\":\"https:\\\/\\\/quixotecup.com\\\/\",\"logo\":{\"@type\":\"ImageObject\",\"inLanguage\":\"es\",\"@id\":\"https:\\\/\\\/quixotecup.com\\\/#\\\/schema\\\/logo\\\/image\\\/\",\"url\":\"https:\\\/\\\/i0.wp.com\\\/quixotecup.com\\\/wp-content\\\/uploads\\\/2026\\\/05\\\/cropped-f8f6783f-7b24-4b50-9867-8d3ffe07e909.jpeg?fit=434%2C343&ssl=1\",\"contentUrl\":\"https:\\\/\\\/i0.wp.com\\\/quixotecup.com\\\/wp-content\\\/uploads\\\/2026\\\/05\\\/cropped-f8f6783f-7b24-4b50-9867-8d3ffe07e909.jpeg?fit=434%2C343&ssl=1\",\"width\":434,\"height\":343,\"caption\":\"Quixote World Cup\"},\"image\":{\"@id\":\"https:\\\/\\\/quixotecup.com\\\/#\\\/schema\\\/logo\\\/image\\\/\"}}]}<\/script>\n<!-- \/ Yoast SEO plugin. -->","yoast_head_json":{"title":"Pol\u00edtica de privacidad y protecci\u00f3n de datos - Quixote World Cup","robots":{"index":"noindex","follow":"nofollow"},"og_locale":"es_ES","og_type":"article","og_title":"Pol\u00edtica de privacidad y protecci\u00f3n de datos - Quixote World Cup","og_description":"Este aviso legal es de aplicaci\u00f3n a las p\u00e1ginas Quixote World Cup (Organizado por CLUB SPORTIA Ciudad Real). CLUB SPORTIA act\u00faa en calidad de responsable del tratamiento de los datos de car\u00e1cter personal relativos a los usuarios de sus servicios. Los datos aportados por el interesado se utilizar\u00e1n, con car\u00e1cter exclusivo, para los fines previstos [&hellip;]","og_url":"https:\/\/quixotecup.com\/es_es\/privacy-policy\/","og_site_name":"Quixote World Cup","article_modified_time":"2024-05-24T10:51:35+00:00","twitter_card":"summary_large_image","twitter_misc":{"Tiempo de lectura":"3 minutos"},"schema":{"@context":"https:\/\/schema.org","@graph":[{"@type":"WebPage","@id":"https:\/\/quixotecup.com\/privacy-policy\/","url":"https:\/\/quixotecup.com\/privacy-policy\/","name":"Pol\u00edtica de privacidad y protecci\u00f3n de datos - Quixote World Cup","isPartOf":{"@id":"https:\/\/quixotecup.com\/#website"},"datePublished":"2024-04-17T17:59:17+00:00","dateModified":"2024-05-24T10:51:35+00:00","breadcrumb":{"@id":"https:\/\/quixotecup.com\/privacy-policy\/#breadcrumb"},"inLanguage":"es","potentialAction":[{"@type":"ReadAction","target":["https:\/\/quixotecup.com\/privacy-policy\/"]}]},{"@type":"BreadcrumbList","@id":"https:\/\/quixotecup.com\/privacy-policy\/#breadcrumb","itemListElement":[{"@type":"ListItem","position":1,"name":"Portada","item":"https:\/\/quixotecup.com\/es_es\/"},{"@type":"ListItem","position":2,"name":"Pol\u00edtica de privacidad y protecci\u00f3n de datos"}]},{"@type":"WebSite","@id":"https:\/\/quixotecup.com\/#website","url":"https:\/\/quixotecup.com\/","name":"Quixote World Cup","description":"Sitio oficial de la competici\u00f3n internacional de Inline Freestyle en Ciudad Real","publisher":{"@id":"https:\/\/quixotecup.com\/#organization"},"potentialAction":[{"@type":"SearchAction","target":{"@type":"EntryPoint","urlTemplate":"https:\/\/quixotecup.com\/?s={search_term_string}"},"query-input":{"@type":"PropertyValueSpecification","valueRequired":true,"valueName":"search_term_string"}}],"inLanguage":"es"},{"@type":"Organization","@id":"https:\/\/quixotecup.com\/#organization","name":"Quixote World Cup","url":"https:\/\/quixotecup.com\/","logo":{"@type":"ImageObject","inLanguage":"es","@id":"https:\/\/quixotecup.com\/#\/schema\/logo\/image\/","url":"https:\/\/i0.wp.com\/quixotecup.com\/wp-content\/uploads\/2026\/05\/cropped-f8f6783f-7b24-4b50-9867-8d3ffe07e909.jpeg?fit=434%2C343&ssl=1","contentUrl":"https:\/\/i0.wp.com\/quixotecup.com\/wp-content\/uploads\/2026\/05\/cropped-f8f6783f-7b24-4b50-9867-8d3ffe07e909.jpeg?fit=434%2C343&ssl=1","width":434,"height":343,"caption":"Quixote World Cup"},"image":{"@id":"https:\/\/quixotecup.com\/#\/schema\/logo\/image\/"}}]}},"jetpack_sharing_enabled":true,"_links":{"self":[{"href":"https:\/\/quixotecup.com\/es_es\/wp-json\/wp\/v2\/pages\/3","targetHints":{"allow":["GET"]}}],"collection":[{"href":"https:\/\/quixotecup.com\/es_es\/wp-json\/wp\/v2\/pages"}],"about":[{"href":"https:\/\/quixotecup.com\/es_es\/wp-json\/wp\/v2\/types\/page"}],"author":[{"embeddable":true,"href":"https:\/\/quixotecup.com\/es_es\/wp-json\/wp\/v2\/users\/1"}],"replies":[{"embeddable":true,"href":"https:\/\/quixotecup.com\/es_es\/wp-json\/wp\/v2\/comments?post=3"}],"version-history":[{"count":2,"href":"https:\/\/quixotecup.com\/es_es\/wp-json\/wp\/v2\/pages\/3\/revisions"}],"predecessor-version":[{"id":936,"href":"https:\/\/quixotecup.com\/es_es\/wp-json\/wp\/v2\/pages\/3\/revisions\/936"}],"wp:attachment":[{"href":"https:\/\/quixotecup.com\/es_es\/wp-json\/wp\/v2\/media?parent=3"}],"curies":[{"name":"wp","href":"https:\/\/api.w.org\/{rel}","templated":true}]}}