{"id":849,"date":"2024-04-22T18:04:44","date_gmt":"2024-04-22T18:04:44","guid":{"rendered":"https:\/\/quixotecup.com\/?page_id=849"},"modified":"2024-04-22T18:13:50","modified_gmt":"2024-04-22T18:13:50","slug":"como-llegar","status":"publish","type":"page","link":"https:\/\/quixotecup.com\/es_es\/como-llegar\/","title":{"rendered":"Como llegar"},"content":{"rendered":"\t\t<div data-elementor-type=\"wp-page\" data-elementor-id=\"849\" class=\"elementor elementor-849\">\n\t\t\t\t<div class=\"elementor-element elementor-element-46069d4 e-flex e-con-boxed e-con e-parent\" data-id=\"46069d4\" data-element_type=\"container\" data-e-type=\"container\">\n\t\t\t\t\t<div class=\"e-con-inner\">\n\t\t\t\t<div class=\"elementor-element elementor-element-335f020 elementor-widget elementor-widget-heading\" data-id=\"335f020\" data-element_type=\"widget\" data-e-type=\"widget\" data-widget_type=\"heading.default\">\n\t\t\t\t<div class=\"elementor-widget-container\">\n\t\t\t\t\t<h2 class=\"elementor-heading-title elementor-size-default\">Como llegar a Ciudad Real<\/h2>\t\t\t\t<\/div>\n\t\t\t\t<\/div>\n\t\t\t\t<div class=\"elementor-element elementor-element-64286ec elementor-widget elementor-widget-text-editor\" data-id=\"64286ec\" data-element_type=\"widget\" data-e-type=\"widget\" data-widget_type=\"text-editor.default\">\n\t\t\t\t<div class=\"elementor-widget-container\">\n\t\t\t\t\t\t\t\t\t<p>Nuestra ciudad est\u00e1 localizada en el centro de la pen\u00ednsula ib\u00e9rica y esta muy bien comunicada, a escasamente <strong>2h de Madrid<\/strong> <strong>por carretera (autopista) y a 55 minutos en tren de alta velocidad<\/strong>. Estos son solo dos ejemplos, a continuaci\u00f3n te detallamos como puedes venir a <strong>Quixote World Cup<\/strong>.<\/p>\t\t\t\t\t\t\t\t<\/div>\n\t\t\t\t<\/div>\n\t\t\t\t<div class=\"elementor-element elementor-element-ab918c7 elementor-widget elementor-widget-heading\" data-id=\"ab918c7\" data-element_type=\"widget\" data-e-type=\"widget\" data-widget_type=\"heading.default\">\n\t\t\t\t<div class=\"elementor-widget-container\">\n\t\t\t\t\t<h3 class=\"elementor-heading-title elementor-size-default\">Por carretera<\/h3>\t\t\t\t<\/div>\n\t\t\t\t<\/div>\n\t\t\t\t<div class=\"elementor-element elementor-element-f8efa24 elementor-widget elementor-widget-text-editor\" data-id=\"f8efa24\" data-element_type=\"widget\" data-e-type=\"widget\" data-widget_type=\"text-editor.default\">\n\t\t\t\t<div class=\"elementor-widget-container\">\n\t\t\t\t\t\t\t\t\t<iframe src=\"https:\/\/www.google.com\/maps\/d\/u\/5\/embed?mid=1TgGuORUxifOHcZ8ldgx22NGX9VXH0WY&#038;ehbc=2E312F\" width=\"640\" height=\"480\"><\/iframe>\t\t\t\t\t\t\t\t<\/div>\n\t\t\t\t<\/div>\n\t\t\t\t<div class=\"elementor-element elementor-element-ff1bcdd elementor-widget elementor-widget-heading\" data-id=\"ff1bcdd\" data-element_type=\"widget\" data-e-type=\"widget\" data-widget_type=\"heading.default\">\n\t\t\t\t<div class=\"elementor-widget-container\">\n\t\t\t\t\t<h3 class=\"elementor-heading-title elementor-size-default\">En Tren de Alta velocidad<\/h3>\t\t\t\t<\/div>\n\t\t\t\t<\/div>\n\t\t\t\t<div class=\"elementor-element elementor-element-8112360 elementor-widget elementor-widget-text-editor\" data-id=\"8112360\" data-element_type=\"widget\" data-e-type=\"widget\" data-widget_type=\"text-editor.default\">\n\t\t\t\t<div class=\"elementor-widget-container\">\n\t\t\t\t\t\t\t\t\t<p>En la web de Renfe se pueden encontrar muchas combinaciones de trenes que llegan y salen de Ciudad Real.\u00a0Conexiones con Madrid, Barcelona, Valencia, Sevilla y Cordoba. Aqu\u00ed os dejamos el enlace a la web de reservas de trenes.<\/p>\t\t\t\t\t\t\t\t<\/div>\n\t\t\t\t<\/div>\n\t\t\t\t<div class=\"elementor-element elementor-element-ef7a9ca elementor-widget elementor-widget-button\" data-id=\"ef7a9ca\" data-element_type=\"widget\" data-e-type=\"widget\" data-widget_type=\"button.default\">\n\t\t\t\t<div class=\"elementor-widget-container\">\n\t\t\t\t\t\t\t\t\t<div class=\"elementor-button-wrapper\">\n\t\t\t\t\t<a class=\"elementor-button elementor-button-link elementor-size-sm\" href=\"https:\/\/www.renfe.com\/es\/es\" target=\"_blank\">\n\t\t\t\t\t\t<span class=\"elementor-button-content-wrapper\">\n\t\t\t\t\t\t\t\t\t<span class=\"elementor-button-text\">Reserva tu tren<\/span>\n\t\t\t\t\t<\/span>\n\t\t\t\t\t<\/a>\n\t\t\t\t<\/div>\n\t\t\t\t\t\t\t\t<\/div>\n\t\t\t\t<\/div>\n\t\t\t\t\t<\/div>\n\t\t\t\t<\/div>\n\t\t\t\t<\/div>\n\t\t","protected":false},"excerpt":{"rendered":"<p>Como llegar a Ciudad Real Nuestra ciudad est\u00e1 localizada en el centro de la pen\u00ednsula ib\u00e9rica y esta muy bien comunicada, a escasamente 2h de Madrid por carretera (autopista) y a 55 minutos en tren de alta velocidad. Estos son solo dos ejemplos, a continuaci\u00f3n te detallamos como puedes venir a Quixote World Cup. Por [&hellip;]<\/p>\n","protected":false},"author":1,"featured_media":0,"parent":0,"menu_order":0,"comment_status":"closed","ping_status":"closed","template":"","meta":{"site-sidebar-layout":"no-sidebar","site-content-layout":"page-builder","ast-site-content-layout":"full-width-container","site-content-style":"default","site-sidebar-style":"default","ast-global-header-display":"","ast-banner-title-visibility":"","ast-main-header-display":"","ast-hfb-above-header-display":"","ast-hfb-below-header-display":"","ast-hfb-mobile-header-display":"","site-post-title":"disabled","ast-breadcrumbs-content":"","ast-featured-img":"disabled","footer-sml-layout":"","theme-transparent-header-meta":"","adv-header-id-meta":"","stick-header-meta":"","header-above-stick-meta":"","header-main-stick-meta":"","header-below-stick-meta":"","astra-migrate-meta-layouts":"set","ast-page-background-enabled":"default","ast-page-background-meta":{"desktop":{"background-color":"","background-image":"","background-repeat":"repeat","background-position":"center center","background-size":"auto","background-attachment":"scroll","background-type":"","background-media":"","overlay-type":"","overlay-color":"","overlay-opacity":"","overlay-gradient":""},"tablet":{"background-color":"","background-image":"","background-repeat":"repeat","background-position":"center center","background-size":"auto","background-attachment":"scroll","background-type":"","background-media":"","overlay-type":"","overlay-color":"","overlay-opacity":"","overlay-gradient":""},"mobile":{"background-color":"","background-image":"","background-repeat":"repeat","background-position":"center center","background-size":"auto","background-attachment":"scroll","background-type":"","background-media":"","overlay-type":"","overlay-color":"","overlay-opacity":"","overlay-gradient":""}},"ast-content-background-meta":{"desktop":{"background-color":"var(--ast-global-color-5)","background-image":"","background-repeat":"repeat","background-position":"center center","background-size":"auto","background-attachment":"scroll","background-type":"","background-media":"","overlay-type":"","overlay-color":"","overlay-opacity":"","overlay-gradient":""},"tablet":{"background-color":"var(--ast-global-color-5)","background-image":"","background-repeat":"repeat","background-position":"center center","background-size":"auto","background-attachment":"scroll","background-type":"","background-media":"","overlay-type":"","overlay-color":"","overlay-opacity":"","overlay-gradient":""},"mobile":{"background-color":"var(--ast-global-color-5)","background-image":"","background-repeat":"repeat","background-position":"center center","background-size":"auto","background-attachment":"scroll","background-type":"","background-media":"","overlay-type":"","overlay-color":"","overlay-opacity":"","overlay-gradient":""}},"footnotes":""},"class_list":["post-849","page","type-page","status-publish","hentry"],"yoast_head":"<!-- This site is optimized with the Yoast SEO plugin v27.6 - https:\/\/yoast.com\/product\/yoast-seo-wordpress\/ -->\n<title>Como llegar - Quixote World Cup<\/title>\n<meta name=\"description\" content=\"En este espacio puedes encontrar informaci\u00f3n de como llegar a Ciudad Real y a Quixote World Cup. Consulta y si tienes duda, escr\u00edbenos.\" \/>\n<meta name=\"robots\" content=\"index, follow, max-snippet:-1, max-image-preview:large, max-video-preview:-1\" \/>\n<link rel=\"canonical\" href=\"https:\/\/quixotecup.com\/es_es\/como-llegar\/\" \/>\n<meta property=\"og:locale\" content=\"es_ES\" \/>\n<meta property=\"og:type\" content=\"article\" \/>\n<meta property=\"og:title\" content=\"Como llegar - Quixote World Cup\" \/>\n<meta property=\"og:description\" content=\"En este espacio puedes encontrar informaci\u00f3n de como llegar a Ciudad Real y a Quixote World Cup. Consulta y si tienes duda, escr\u00edbenos.\" \/>\n<meta property=\"og:url\" content=\"https:\/\/quixotecup.com\/es_es\/como-llegar\/\" \/>\n<meta property=\"og:site_name\" content=\"Quixote World Cup\" \/>\n<meta property=\"article:modified_time\" content=\"2024-04-22T18:13:50+00:00\" \/>\n<meta name=\"twitter:card\" content=\"summary_large_image\" \/>\n<meta name=\"twitter:label1\" content=\"Tiempo de lectura\" \/>\n\t<meta name=\"twitter:data1\" content=\"1 minuto\" \/>\n<script type=\"application\/ld+json\" class=\"yoast-schema-graph\">{\"@context\":\"https:\\\/\\\/schema.org\",\"@graph\":[{\"@type\":\"WebPage\",\"@id\":\"https:\\\/\\\/quixotecup.com\\\/como-llegar\\\/\",\"url\":\"https:\\\/\\\/quixotecup.com\\\/como-llegar\\\/\",\"name\":\"Como llegar - Quixote World Cup\",\"isPartOf\":{\"@id\":\"https:\\\/\\\/quixotecup.com\\\/#website\"},\"datePublished\":\"2024-04-22T18:04:44+00:00\",\"dateModified\":\"2024-04-22T18:13:50+00:00\",\"description\":\"En este espacio puedes encontrar informaci\u00f3n de como llegar a Ciudad Real y a Quixote World Cup. Consulta y si tienes duda, escr\u00edbenos.\",\"breadcrumb\":{\"@id\":\"https:\\\/\\\/quixotecup.com\\\/como-llegar\\\/#breadcrumb\"},\"inLanguage\":\"es\",\"potentialAction\":[{\"@type\":\"ReadAction\",\"target\":[\"https:\\\/\\\/quixotecup.com\\\/como-llegar\\\/\"]}]},{\"@type\":\"BreadcrumbList\",\"@id\":\"https:\\\/\\\/quixotecup.com\\\/como-llegar\\\/#breadcrumb\",\"itemListElement\":[{\"@type\":\"ListItem\",\"position\":1,\"name\":\"Portada\",\"item\":\"https:\\\/\\\/quixotecup.com\\\/es_es\\\/\"},{\"@type\":\"ListItem\",\"position\":2,\"name\":\"Como llegar\"}]},{\"@type\":\"WebSite\",\"@id\":\"https:\\\/\\\/quixotecup.com\\\/#website\",\"url\":\"https:\\\/\\\/quixotecup.com\\\/\",\"name\":\"Quixote World Cup\",\"description\":\"Sitio oficial de la competici\u00f3n internacional de Inline Freestyle en Ciudad Real\",\"publisher\":{\"@id\":\"https:\\\/\\\/quixotecup.com\\\/#organization\"},\"potentialAction\":[{\"@type\":\"SearchAction\",\"target\":{\"@type\":\"EntryPoint\",\"urlTemplate\":\"https:\\\/\\\/quixotecup.com\\\/?s={search_term_string}\"},\"query-input\":{\"@type\":\"PropertyValueSpecification\",\"valueRequired\":true,\"valueName\":\"search_term_string\"}}],\"inLanguage\":\"es\"},{\"@type\":\"Organization\",\"@id\":\"https:\\\/\\\/quixotecup.com\\\/#organization\",\"name\":\"Quixote World Cup\",\"url\":\"https:\\\/\\\/quixotecup.com\\\/\",\"logo\":{\"@type\":\"ImageObject\",\"inLanguage\":\"es\",\"@id\":\"https:\\\/\\\/quixotecup.com\\\/#\\\/schema\\\/logo\\\/image\\\/\",\"url\":\"https:\\\/\\\/i0.wp.com\\\/quixotecup.com\\\/wp-content\\\/uploads\\\/2026\\\/05\\\/cropped-f8f6783f-7b24-4b50-9867-8d3ffe07e909.jpeg?fit=434%2C343&ssl=1\",\"contentUrl\":\"https:\\\/\\\/i0.wp.com\\\/quixotecup.com\\\/wp-content\\\/uploads\\\/2026\\\/05\\\/cropped-f8f6783f-7b24-4b50-9867-8d3ffe07e909.jpeg?fit=434%2C343&ssl=1\",\"width\":434,\"height\":343,\"caption\":\"Quixote World Cup\"},\"image\":{\"@id\":\"https:\\\/\\\/quixotecup.com\\\/#\\\/schema\\\/logo\\\/image\\\/\"}}]}<\/script>\n<!-- \/ Yoast SEO plugin. -->","yoast_head_json":{"title":"Como llegar - Quixote World Cup","description":"En este espacio puedes encontrar informaci\u00f3n de como llegar a Ciudad Real y a Quixote World Cup. Consulta y si tienes duda, escr\u00edbenos.","robots":{"index":"index","follow":"follow","max-snippet":"max-snippet:-1","max-image-preview":"max-image-preview:large","max-video-preview":"max-video-preview:-1"},"canonical":"https:\/\/quixotecup.com\/es_es\/como-llegar\/","og_locale":"es_ES","og_type":"article","og_title":"Como llegar - Quixote World Cup","og_description":"En este espacio puedes encontrar informaci\u00f3n de como llegar a Ciudad Real y a Quixote World Cup. Consulta y si tienes duda, escr\u00edbenos.","og_url":"https:\/\/quixotecup.com\/es_es\/como-llegar\/","og_site_name":"Quixote World Cup","article_modified_time":"2024-04-22T18:13:50+00:00","twitter_card":"summary_large_image","twitter_misc":{"Tiempo de lectura":"1 minuto"},"schema":{"@context":"https:\/\/schema.org","@graph":[{"@type":"WebPage","@id":"https:\/\/quixotecup.com\/como-llegar\/","url":"https:\/\/quixotecup.com\/como-llegar\/","name":"Como llegar - Quixote World Cup","isPartOf":{"@id":"https:\/\/quixotecup.com\/#website"},"datePublished":"2024-04-22T18:04:44+00:00","dateModified":"2024-04-22T18:13:50+00:00","description":"En este espacio puedes encontrar informaci\u00f3n de como llegar a Ciudad Real y a Quixote World Cup. Consulta y si tienes duda, escr\u00edbenos.","breadcrumb":{"@id":"https:\/\/quixotecup.com\/como-llegar\/#breadcrumb"},"inLanguage":"es","potentialAction":[{"@type":"ReadAction","target":["https:\/\/quixotecup.com\/como-llegar\/"]}]},{"@type":"BreadcrumbList","@id":"https:\/\/quixotecup.com\/como-llegar\/#breadcrumb","itemListElement":[{"@type":"ListItem","position":1,"name":"Portada","item":"https:\/\/quixotecup.com\/es_es\/"},{"@type":"ListItem","position":2,"name":"Como llegar"}]},{"@type":"WebSite","@id":"https:\/\/quixotecup.com\/#website","url":"https:\/\/quixotecup.com\/","name":"Quixote World Cup","description":"Sitio oficial de la competici\u00f3n internacional de Inline Freestyle en Ciudad Real","publisher":{"@id":"https:\/\/quixotecup.com\/#organization"},"potentialAction":[{"@type":"SearchAction","target":{"@type":"EntryPoint","urlTemplate":"https:\/\/quixotecup.com\/?s={search_term_string}"},"query-input":{"@type":"PropertyValueSpecification","valueRequired":true,"valueName":"search_term_string"}}],"inLanguage":"es"},{"@type":"Organization","@id":"https:\/\/quixotecup.com\/#organization","name":"Quixote World Cup","url":"https:\/\/quixotecup.com\/","logo":{"@type":"ImageObject","inLanguage":"es","@id":"https:\/\/quixotecup.com\/#\/schema\/logo\/image\/","url":"https:\/\/i0.wp.com\/quixotecup.com\/wp-content\/uploads\/2026\/05\/cropped-f8f6783f-7b24-4b50-9867-8d3ffe07e909.jpeg?fit=434%2C343&ssl=1","contentUrl":"https:\/\/i0.wp.com\/quixotecup.com\/wp-content\/uploads\/2026\/05\/cropped-f8f6783f-7b24-4b50-9867-8d3ffe07e909.jpeg?fit=434%2C343&ssl=1","width":434,"height":343,"caption":"Quixote World Cup"},"image":{"@id":"https:\/\/quixotecup.com\/#\/schema\/logo\/image\/"}}]}},"jetpack_sharing_enabled":true,"_links":{"self":[{"href":"https:\/\/quixotecup.com\/es_es\/wp-json\/wp\/v2\/pages\/849","targetHints":{"allow":["GET"]}}],"collection":[{"href":"https:\/\/quixotecup.com\/es_es\/wp-json\/wp\/v2\/pages"}],"about":[{"href":"https:\/\/quixotecup.com\/es_es\/wp-json\/wp\/v2\/types\/page"}],"author":[{"embeddable":true,"href":"https:\/\/quixotecup.com\/es_es\/wp-json\/wp\/v2\/users\/1"}],"replies":[{"embeddable":true,"href":"https:\/\/quixotecup.com\/es_es\/wp-json\/wp\/v2\/comments?post=849"}],"version-history":[{"count":11,"href":"https:\/\/quixotecup.com\/es_es\/wp-json\/wp\/v2\/pages\/849\/revisions"}],"predecessor-version":[{"id":860,"href":"https:\/\/quixotecup.com\/es_es\/wp-json\/wp\/v2\/pages\/849\/revisions\/860"}],"wp:attachment":[{"href":"https:\/\/quixotecup.com\/es_es\/wp-json\/wp\/v2\/media?parent=849"}],"curies":[{"name":"wp","href":"https:\/\/api.w.org\/{rel}","templated":true}]}}